{"id":6,"date":"2016-01-04T08:18:19","date_gmt":"2016-01-04T08:18:19","guid":{"rendered":"http:\/\/localhost:8888\/20160104-venuex\/?page_id=6"},"modified":"2024-10-16T10:21:52","modified_gmt":"2024-10-16T09:21:52","slug":"home-page-1","status":"publish","type":"page","link":"http:\/\/volailles-dumas.fr\/WPvolailles\/","title":{"rendered":"Volaille en Dordogne"},"content":{"rendered":"\n<figure class=\"wp-block-video alignfull\"><video autoplay controls poster=\"http:\/\/volailles-dumas.fr\/WPvolailles\/wp-content\/uploads\/2024\/10\/volaille-dumas-preview-scaled.jpg\" src=\"http:\/\/volailles-dumas.fr\/WPvolailles\/wp-content\/uploads\/2024\/10\/presentation-volailles-dumas.mp4\"><\/video><\/figure>\n\n\n\n<div class=\"wp-block-group alignfull\"><div class=\"wp-block-group__inner-container is-layout-flow wp-block-group-is-layout-flow\">\n<div class=\"wp-block-media-text alignwide has-media-on-the-right is-stacked-on-mobile tw-stack-md\"><div class=\"wp-block-media-text__content\">\n<h2 class=\"wp-block-heading\">Volailles Dumas<\/h2>\n\n\n\n<h3 class=\"wp-block-heading\">65 ans d&rsquo;exp\u00e9rience dans la qualit\u00e9<\/h3>\n\n\n\n<p><strong>Implant\u00e9e au c\u0153ur du P\u00e9rigord depuis 65 ans, l\u2019entreprise familiale Dumas abat, d\u00e9coupe, conditionne et commercialise des produits \u00e0 base de volailles.<\/strong><\/p>\n\n\n\n<p>Une large gamme de volailles enti\u00e8res ou d\u00e9coup\u00e9es permet de r\u00e9pondre aux besoins et exigences de diff\u00e9rents march\u00e9s. L\u2019entreprise a fond\u00e9 sa r\u00e9putation sur une politique exigeante en mati\u00e8re de qualit\u00e9 et sur un positionnement haut de gamme. Ainsi chaque \u00e9tape de la production est soumise \u00e0 des crit\u00e8res qualitatifs rigoureux, de l\u2019\u00e9levage jusqu\u2019\u00e0 l\u2019abattage.<\/p>\n<\/div><figure class=\"wp-block-media-text__media\"><img loading=\"lazy\" decoding=\"async\" width=\"1024\" height=\"683\" src=\"http:\/\/volailles-dumas.fr\/WPvolailles\/wp-content\/uploads\/2023\/07\/volaille-en-perigord-dumas-1024x683.jpg\" alt=\"\" class=\"wp-image-919 size-full\" srcset=\"http:\/\/volailles-dumas.fr\/WPvolailles\/wp-content\/uploads\/2023\/07\/volaille-en-perigord-dumas-1024x683.jpg 1024w, http:\/\/volailles-dumas.fr\/WPvolailles\/wp-content\/uploads\/2023\/07\/volaille-en-perigord-dumas-300x200.jpg 300w, http:\/\/volailles-dumas.fr\/WPvolailles\/wp-content\/uploads\/2023\/07\/volaille-en-perigord-dumas-768x512.jpg 768w, http:\/\/volailles-dumas.fr\/WPvolailles\/wp-content\/uploads\/2023\/07\/volaille-en-perigord-dumas.jpg 1500w\" sizes=\"(max-width: 1024px) 100vw, 1024px\" \/><\/figure><\/div>\n<\/div><\/div>\n\n\n\n<div class=\"wp-block-columns alignfull is-not-stacked-on-mobile tw-mb-5 tw-gutter-no is-layout-flex wp-container-core-columns-is-layout-1 wp-block-columns-is-layout-flex\">\n<div class=\"wp-block-column is-vertically-aligned-center is-layout-flow wp-block-column-is-layout-flow\">\n<hr class=\"wp-block-separator aligncenter has-alpha-channel-opacity is-style-default\"\/>\n<\/div>\n\n\n\n<div class=\"wp-block-column is-layout-flow wp-block-column-is-layout-flow\">\n<h2 class=\"wp-block-heading has-text-align-center\">Nos produits<\/h2>\n<\/div>\n\n\n\n<div class=\"wp-block-column is-vertically-aligned-center is-layout-flow wp-block-column-is-layout-flow\">\n<hr class=\"wp-block-separator has-alpha-channel-opacity\"\/>\n<\/div>\n<\/div>\n\n\n\n<div class=\"wp-block-columns alignfull tw-mb-0 has-text-align-center tw-cols-stack-md tw-gutter-no is-layout-flex wp-container-core-columns-is-layout-2 wp-block-columns-is-layout-flex\">\n<div class=\"wp-block-column is-layout-flow wp-block-column-is-layout-flow\">\n<div class=\"wp-block-cover has-parallax\" style=\"min-height:500px;aspect-ratio:unset;\"><span aria-hidden=\"true\" class=\"wp-block-cover__background has-background-dim\"><\/span><div class=\"wp-block-cover__image-background wp-image-920 has-parallax\" style=\"background-position:50% 50%;background-image:url(http:\/\/volailles-dumas.fr\/WPvolailles\/wp-content\/uploads\/2023\/07\/pintades-dordogne-perigord.jpg)\"><\/div><div class=\"wp-block-cover__inner-container is-layout-flow wp-block-cover-is-layout-flow\">\n<h2 class=\"wp-block-heading\">Pintades<\/h2>\n\n\n\n<p class=\"has-medium-font-size\">La France est le 1er producteur mondial de Pintade, cet animal d\u2019ornement au plumage fonc\u00e9 pointill\u00e9 de blanc.<\/p>\n<\/div><\/div>\n<\/div>\n\n\n\n<div class=\"wp-block-column is-layout-flow wp-block-column-is-layout-flow\">\n<div class=\"wp-block-cover is-light has-parallax\" style=\"min-height:500px;aspect-ratio:unset;\"><span aria-hidden=\"true\" class=\"wp-block-cover__background has-background-dim\"><\/span><div class=\"wp-block-cover__image-background wp-image-921 has-parallax\" style=\"background-position:50% 50%;background-image:url(http:\/\/volailles-dumas.fr\/WPvolailles\/wp-content\/uploads\/2023\/07\/poulets-dordogne-perigord.jpg)\"><\/div><div class=\"wp-block-cover__inner-container is-layout-flow wp-block-cover-is-layout-flow\">\n<h2 class=\"wp-block-heading\">Poulets<\/h2>\n\n\n\n<p class=\"has-medium-font-size\">Quand le coq \u00ab chante \u00bb, les poules \u00ab gloussent \u00bb ou \u00ab caquettent \u00bb.<\/p>\n\n\n\n<p class=\"has-medium-font-size\">Juste r\u00f4ti au four, c\u2019est le plat principal id\u00e9al pour les dimanches en famille.<\/p>\n<\/div><\/div>\n<\/div>\n<\/div>\n\n\n\n<div class=\"wp-block-columns alignfull tw-mb-0 tw-mt-0 has-text-align-center tw-cols-stack-md tw-gutter-no is-layout-flex wp-container-core-columns-is-layout-3 wp-block-columns-is-layout-flex\">\n<div class=\"wp-block-column is-layout-flow wp-block-column-is-layout-flow\">\n<div class=\"wp-block-cover is-light has-parallax tw-mt-0\" style=\"min-height:500px;aspect-ratio:unset;\"><span aria-hidden=\"true\" class=\"wp-block-cover__background has-background-dim\"><\/span><div class=\"wp-block-cover__image-background wp-image-925 has-parallax\" style=\"background-position:50% 50%;background-image:url(http:\/\/volailles-dumas.fr\/WPvolailles\/wp-content\/uploads\/2023\/07\/chapons-volailles-festives-perigord-dordogne-1.jpg)\"><\/div><div class=\"wp-block-cover__inner-container is-layout-flow wp-block-cover-is-layout-flow\">\n<h3 class=\"wp-block-heading has-text-color has-link-color wp-elements-1eaf10b9ed9ec5cb982c3c767e77212e\" style=\"color:#8cda32\"><strong>Volailles festives<\/strong><\/h3>\n\n\n\n<h2 class=\"wp-block-heading\">Les Chapons<\/h2>\n\n\n\n<p class=\"has-medium-font-size\">Attention : nos volailles festives ne sont disponibles qu\u2019en fin d\u2019ann\u00e9e.<\/p>\n<\/div><\/div>\n<\/div>\n\n\n\n<div class=\"wp-block-column is-layout-flow wp-block-column-is-layout-flow\">\n<div class=\"wp-block-cover is-light has-parallax tw-mt-0\" style=\"min-height:500px;aspect-ratio:unset;\"><span aria-hidden=\"true\" class=\"wp-block-cover__background has-background-dim\"><\/span><div class=\"wp-block-cover__image-background wp-image-927 has-parallax\" style=\"background-position:50% 50%;background-image:url(http:\/\/volailles-dumas.fr\/WPvolailles\/wp-content\/uploads\/2023\/07\/dindes-dordogne-perigord.jpg)\"><\/div><div class=\"wp-block-cover__inner-container is-layout-flow wp-block-cover-is-layout-flow\">\n<h3 class=\"wp-block-heading has-text-color has-link-color wp-elements-273570a13874c22b75ec911213bcf015\" style=\"color:#8cda32\">Volailles festives<\/h3>\n\n\n\n<h2 class=\"wp-block-heading\">Les Dindes<\/h2>\n\n\n\n<p class=\"has-medium-font-size\">La dinde r\u00f4tie ou farcie \u00e0 une chair tr\u00e8s tendre, c\u2019est aussi de par sa taille la volaille de la convivialit\u00e9.<\/p>\n<\/div><\/div>\n<\/div>\n<\/div>\n\n\n\n<div class=\"wp-block-group alignfull tw-mb-0 tw-mt-0 has-subtle-color has-white-background-color has-text-color has-background has-link-color wp-elements-471781337665e42c4756c3ce1214d211\" style=\"padding-top:var(--wp--preset--spacing--70);padding-bottom:var(--wp--preset--spacing--70)\"><div class=\"wp-block-group__inner-container is-layout-flow wp-block-group-is-layout-flow\">\n<div class=\"wp-block-media-text alignwide has-media-on-the-right is-stacked-on-mobile tw-stack-md\"><div class=\"wp-block-media-text__content\">\n<h2 class=\"wp-block-heading\">Nos \u00e9leveurs<\/h2>\n\n\n\n<p>Aujourd\u2019hui toute la famille Dumas \u0153uvre \u00e0 perp\u00e9tuer le savoir faire d\u2019autrefois, en s\u00e9lectionnant les meilleurs \u00e9leveurs de notre belle r\u00e9gion, mais aussi d\u2019autres beaux terroirs du sud-ouest et en proposant des volailles pr\u00e9par\u00e9es \u00e0 l\u2019ancienne avec t\u00eate, foie et g\u00e9sier \u00e0 la chair savoureuse, ferme et juteuse.<\/p>\n\n\n\n<p>Nos volailles proviennent principalement de deux groupements d\u2019\u00e9leveurs respectueux de nos exigences destin\u00e9es \u00e0 am\u00e9liorer la qualit\u00e9 de la viande : P\u00e9rigord Aviculture pour les volailles locales d\u2019exception et De Pierpont Les Volailles d\u2019Occitanie, pour l\u2019excellence de l\u2019Aveyron.<\/p>\n\n\n\n<p>C\u2019est ainsi qu\u2019aujourd\u2019hui nos volailles ont toujours du go\u00fbt !<\/p>\n<\/div><figure class=\"wp-block-media-text__media\"><img loading=\"lazy\" decoding=\"async\" width=\"1000\" height=\"847\" src=\"http:\/\/volailles-dumas.fr\/WPvolailles\/wp-content\/uploads\/2023\/07\/carte-dordogne-eleveurs-volailles-dumas.png\" alt=\"\" class=\"wp-image-1045 size-full\" srcset=\"http:\/\/volailles-dumas.fr\/WPvolailles\/wp-content\/uploads\/2023\/07\/carte-dordogne-eleveurs-volailles-dumas.png 1000w, http:\/\/volailles-dumas.fr\/WPvolailles\/wp-content\/uploads\/2023\/07\/carte-dordogne-eleveurs-volailles-dumas-300x254.png 300w, http:\/\/volailles-dumas.fr\/WPvolailles\/wp-content\/uploads\/2023\/07\/carte-dordogne-eleveurs-volailles-dumas-768x650.png 768w, http:\/\/volailles-dumas.fr\/WPvolailles\/wp-content\/uploads\/2023\/07\/carte-dordogne-eleveurs-volailles-dumas-500x424.png 500w, http:\/\/volailles-dumas.fr\/WPvolailles\/wp-content\/uploads\/2023\/07\/carte-dordogne-eleveurs-volailles-dumas-800x678.png 800w\" sizes=\"(max-width: 1000px) 100vw, 1000px\" \/><\/figure><\/div>\n<\/div><\/div>\n","protected":false},"excerpt":{"rendered":"<p>Volailles Dumas 65 ans d&rsquo;exp\u00e9rience dans la qualit\u00e9 Implant\u00e9e au c\u0153ur du P\u00e9rigord depuis 65 ans, l\u2019entreprise familiale Dumas abat, d\u00e9coupe, conditionne et commercialise des produits \u00e0 base de volailles. Une large gamme de volailles enti\u00e8res ou d\u00e9coup\u00e9es permet de r\u00e9pondre aux besoins et exigences de diff\u00e9rents march\u00e9s. L\u2019entreprise a fond\u00e9 sa r\u00e9putation sur une&hellip; <a class=\"more-link\" href=\"http:\/\/volailles-dumas.fr\/WPvolailles\/\">Poursuivre la lecture <span class=\"screen-reader-text\">Volaille en Dordogne<\/span><\/a><\/p>\n","protected":false},"author":2,"featured_media":0,"parent":0,"menu_order":0,"comment_status":"closed","ping_status":"closed","template":"tw-no-title.php","meta":{"_uag_custom_page_level_css":"","footnotes":""},"class_list":["post-6","page","type-page","status-publish","hentry","entry"],"uagb_featured_image_src":{"full":false,"thumbnail":false,"medium":false,"medium_large":false,"large":false,"1536x1536":false,"2048x2048":false,"awb_sm":false,"awb_md":false,"awb_lg":false,"awb_xl":false,"post-thumbnail":false},"uagb_author_info":{"display_name":"AdminJim","author_link":"http:\/\/volailles-dumas.fr\/WPvolailles\/author\/adminjim\/"},"uagb_comment_info":0,"uagb_excerpt":"Volailles Dumas 65 ans d&rsquo;exp\u00e9rience dans la qualit\u00e9 Implant\u00e9e au c\u0153ur du P\u00e9rigord depuis 65 ans, l\u2019entreprise familiale Dumas abat, d\u00e9coupe, conditionne et commercialise des produits \u00e0 base de volailles. Une large gamme de volailles enti\u00e8res ou d\u00e9coup\u00e9es permet de r\u00e9pondre aux besoins et exigences de diff\u00e9rents march\u00e9s. L\u2019entreprise a fond\u00e9 sa r\u00e9putation sur une&hellip;\u2026","_links":{"self":[{"href":"http:\/\/volailles-dumas.fr\/WPvolailles\/wp-json\/wp\/v2\/pages\/6"}],"collection":[{"href":"http:\/\/volailles-dumas.fr\/WPvolailles\/wp-json\/wp\/v2\/pages"}],"about":[{"href":"http:\/\/volailles-dumas.fr\/WPvolailles\/wp-json\/wp\/v2\/types\/page"}],"author":[{"embeddable":true,"href":"http:\/\/volailles-dumas.fr\/WPvolailles\/wp-json\/wp\/v2\/users\/2"}],"replies":[{"embeddable":true,"href":"http:\/\/volailles-dumas.fr\/WPvolailles\/wp-json\/wp\/v2\/comments?post=6"}],"version-history":[{"count":58,"href":"http:\/\/volailles-dumas.fr\/WPvolailles\/wp-json\/wp\/v2\/pages\/6\/revisions"}],"predecessor-version":[{"id":1069,"href":"http:\/\/volailles-dumas.fr\/WPvolailles\/wp-json\/wp\/v2\/pages\/6\/revisions\/1069"}],"wp:attachment":[{"href":"http:\/\/volailles-dumas.fr\/WPvolailles\/wp-json\/wp\/v2\/media?parent=6"}],"curies":[{"name":"wp","href":"https:\/\/api.w.org\/{rel}","templated":true}]}}